{"id":20,"date":"2021-01-07T21:27:39","date_gmt":"2021-01-07T20:27:39","guid":{"rendered":"http:\/\/51.91.127.77\/?page_id=20"},"modified":"2021-02-01T20:48:41","modified_gmt":"2021-02-01T19:48:41","slug":"contacter-nous","status":"publish","type":"page","link":"http:\/\/www.bns.tn\/?page_id=20","title":{"rendered":"Contactez-nous"},"content":{"rendered":"<p>[et_pb_section fb_built=\u00a0\u00bb1&Prime; _builder_version=\u00a0\u00bb4.7.7&Prime; _module_preset=\u00a0\u00bbdefault\u00a0\u00bb background_color=\u00a0\u00bbrgba(0,0,0,0)\u00a0\u00bb background_image=\u00a0\u00bbhttp:\/\/51.91.127.77\/wp-content\/uploads\/2021\/01\/bns-eng-contact.jpg\u00a0\u00bb custom_padding=\u00a0\u00bb0px||0px|||\u00a0\u00bb bottom_divider_style=\u00a0\u00bbmountains\u00a0\u00bb bottom_divider_color=\u00a0\u00bb#ffffff\u00a0\u00bb][et_pb_row column_structure=\u00a0\u00bb1_2,1_2&Prime; use_custom_gutter=\u00a0\u00bbon\u00a0\u00bb gutter_width=\u00a0\u00bb1&Prime; make_equal=\u00a0\u00bbon\u00a0\u00bb _builder_version=\u00a0\u00bb4.7.7&Prime; _module_preset=\u00a0\u00bbdefault\u00a0\u00bb max_width=\u00a0\u00bb100%\u00a0\u00bb custom_margin=\u00a0\u00bb90px|auto||auto|false|false\u00a0\u00bb custom_padding=\u00a0\u00bb0px||0px|||\u00a0\u00bb custom_css_main_element=\u00a0\u00bbalign-items: flex-end;\u00a0\u00bb][et_pb_column type=\u00a0\u00bb1_2&Prime; _builder_version=\u00a0\u00bb4.7.7&Prime; _module_preset=\u00a0\u00bbdefault\u00a0\u00bb][et_pb_text _builder_version=\u00a0\u00bb4.8.2&Prime; _module_preset=\u00a0\u00bbdefault\u00a0\u00bb text_text_color=\u00a0\u00bb#ffffff\u00a0\u00bb header_2_font=\u00a0\u00bbAmaranth|700|||||||\u00a0\u00bb header_2_text_color=\u00a0\u00bb#ffffff\u00a0\u00bb header_2_font_size=\u00a0\u00bb50px\u00a0\u00bb header_5_font=\u00a0\u00bbRaleway||||||||\u00a0\u00bb header_5_text_color=\u00a0\u00bb#1d79ac\u00a0\u00bb header_5_font_size=\u00a0\u00bb14px\u00a0\u00bb header_5_letter_spacing=\u00a0\u00bb3px\u00a0\u00bb custom_padding=\u00a0\u00bb||140px||false|false\u00a0\u00bb]<a href=\"\/\" class=\"nav-link\"><i class=\"fal fa-chevron-left\" aria-hidden=\"true\"><\/i> Retour <\/a><\/p>\n<h2>Contactez-nous !<\/h2>\n<p>Vous avez une question ? Nous sommes \u00e0 votre disposition pour tout<br \/>\nrenseignement compl\u00e9mentaire ou demande sp\u00e9cifique.<\/p>\n<p>[\/et_pb_text][\/et_pb_column][et_pb_column type=\u00a0\u00bb1_2&Prime; _builder_version=\u00a0\u00bb4.7.7&Prime; _module_preset=\u00a0\u00bbdefault\u00a0\u00bb][\/et_pb_column][\/et_pb_row][\/et_pb_section][et_pb_section fb_built=\u00a0\u00bb1&Prime; _builder_version=\u00a0\u00bb4.7.7&Prime; _module_preset=\u00a0\u00bbdefault\u00a0\u00bb background_color=\u00a0\u00bbrgba(0,0,0,0)\u00a0\u00bb width=\u00a0\u00bb100%\u00a0\u00bb custom_padding=\u00a0\u00bb0px|0px|120px||false|false\u00a0\u00bb bottom_divider_color=\u00a0\u00bb#000000&Prime;][et_pb_row column_structure=\u00a0\u00bb3_5,2_5&Prime; make_equal=\u00a0\u00bbon\u00a0\u00bb _builder_version=\u00a0\u00bb4.7.7&Prime; _module_preset=\u00a0\u00bbdefault\u00a0\u00bb max_width=\u00a0\u00bb100%\u00a0\u00bb custom_margin=\u00a0\u00bb90px|auto||auto|false|false\u00a0\u00bb custom_padding=\u00a0\u00bb0px||0px|||\u00a0\u00bb][et_pb_column type=\u00a0\u00bb3_5&Prime; _builder_version=\u00a0\u00bb4.7.7&Prime; _module_preset=\u00a0\u00bbdefault\u00a0\u00bb][et_pb_text _builder_version=\u00a0\u00bb4.7.7&Prime; _module_preset=\u00a0\u00bbdefault\u00a0\u00bb text_font_size=\u00a0\u00bb16px\u00a0\u00bb header_2_font=\u00a0\u00bbAmaranth|700|||||||\u00a0\u00bb header_2_text_color=\u00a0\u00bb#3f3f3f\u00a0\u00bb header_2_font_size=\u00a0\u00bb50px\u00a0\u00bb header_5_font=\u00a0\u00bbRaleway||||||||\u00a0\u00bb header_5_text_color=\u00a0\u00bb#1d79ac\u00a0\u00bb header_5_font_size=\u00a0\u00bb14px\u00a0\u00bb header_5_letter_spacing=\u00a0\u00bb3px\u00a0\u00bb max_width=\u00a0\u00bb100%\u00a0\u00bb]<\/p>\n<h5>Contactez notre \u00e9quipe <\/h5>\n<h2>Pour \u00e9changer sur votre probl\u00e9matique afin de comprendre votre besoin !<\/h2>\n<div class=\"line left\"><\/div>\n<p>Prenons ensuite un rendez-vous pour d\u00e9finir ensemble les modalit\u00e9s de conseil adapt\u00e9es et \u00e9tablir, le cas \u00e9ch\u00e9ant, un plan d\u2019actions en relation avec vos objectifs et votre budget.<\/p>\n<p>[\/et_pb_text][et_pb_code module_class=\u00a0\u00bbcontact-form\u00a0\u00bb _builder_version=\u00a0\u00bb4.7.7&Prime; _module_preset=\u00a0\u00bbdefault\u00a0\u00bb]<div role=\"form\" class=\"wpcf7\" id=\"wpcf7-f97-o1\" lang=\"fr-FR\" dir=\"ltr\">\n<div class=\"screen-reader-response\"><p role=\"status\" aria-live=\"polite\" aria-atomic=\"true\"><\/p> <ul><\/ul><\/div>\n<form action=\"\/index.php?rest_route=%2Fwp%2Fv2%2Fpages%2F20#wpcf7-f97-o1\" method=\"post\" class=\"wpcf7-form init\" novalidate=\"novalidate\" data-status=\"init\">\n<div style=\"display: none;\">\n<input type=\"hidden\" name=\"_wpcf7\" value=\"97\" \/>\n<input type=\"hidden\" name=\"_wpcf7_version\" value=\"5.4\" \/>\n<input type=\"hidden\" name=\"_wpcf7_locale\" value=\"fr_FR\" \/>\n<input type=\"hidden\" name=\"_wpcf7_unit_tag\" value=\"wpcf7-f97-o1\" \/>\n<input type=\"hidden\" name=\"_wpcf7_container_post\" value=\"0\" \/>\n<input type=\"hidden\" name=\"_wpcf7_posted_data_hash\" value=\"\" \/>\n<\/div>\n<div class=\"et_pb_contact\">\n<p class=\"et_pb_contact_field et_pb_contact_field_0 et_pb_contact_field_half\" data-id=\"prenom\" data-type=\"input\"><label for=\"et_pb_contact_prenom\" class=\"et_pb_contact_form_label\">Prenom<\/label><span class=\"wpcf7-form-control-wrap et_pb_contact_prenom\"><input type=\"text\" name=\"et_pb_contact_prenom\" value=\"\" size=\"40\" minlength=\"1\" class=\"wpcf7-form-control wpcf7-text wpcf7-validates-as-required input\" aria-required=\"true\" aria-invalid=\"false\" \/><\/span><\/p>\n<p class=\"et_pb_contact_field et_pb_contact_field_1 et_pb_contact_field_half et_pb_contact_field_last\" data-id=\"nom\" data-type=\"input\"><label for=\"et_pb_contact_nom\" class=\"et_pb_contact_form_label\">Nom<\/label><span class=\"wpcf7-form-control-wrap et_pb_contact_nom\"><input type=\"text\" name=\"et_pb_contact_nom\" value=\"\" size=\"40\" minlength=\"1\" class=\"wpcf7-form-control wpcf7-text wpcf7-validates-as-required input\" aria-required=\"true\" aria-invalid=\"false\" \/><\/span><\/p>\n<p class=\"et_pb_contact_field et_pb_contact_field_2 et_pb_contact_field_half\" data-id=\"email\" data-type=\"email\"><label for=\"et_pb_contact_email\" class=\"et_pb_contact_form_label\">Adresse e-mail<\/label><span class=\"wpcf7-form-control-wrap et_pb_contact_email\"><input type=\"email\" name=\"et_pb_contact_email\" value=\"\" size=\"40\" minlength=\"1\" class=\"wpcf7-form-control wpcf7-text wpcf7-email wpcf7-validates-as-required wpcf7-validates-as-email input\" aria-required=\"true\" aria-invalid=\"false\" \/><\/span><\/p>\n<p class=\"et_pb_contact_field et_pb_contact_field_3 et_pb_contact_field_half et_pb_contact_field_last\" data-id=\"sujet\" data-type=\"input\"><label for=\"et_pb_contact_sujet\" class=\"et_pb_contact_form_label\">Sujet<\/label><span class=\"wpcf7-form-control-wrap et_pb_contact_sujet\"><input type=\"text\" name=\"et_pb_contact_sujet\" value=\"\" size=\"40\" minlength=\"1\" class=\"wpcf7-form-control wpcf7-text wpcf7-validates-as-required input\" aria-required=\"true\" aria-invalid=\"false\" \/><\/span><\/p>\n<p class=\"et_pb_contact_field et_pb_contact_field_4 et_pb_contact_field_last\" data-id=\"message\" data-type=\"text\"><label for=\"et_pb_contact_message\" class=\"et_pb_contact_form_label\">Message<\/label><span class=\"wpcf7-form-control-wrap et_pb_contact_message\"><textarea name=\"et_pb_contact_message\" cols=\"40\" rows=\"10\" minlength=\"1\" class=\"wpcf7-form-control wpcf7-textarea wpcf7-validates-as-required input et_pb_contact_message\" aria-required=\"true\" aria-invalid=\"false\"><\/textarea><\/span><\/p>\n<p class=\"et_pb_contact_field et_pb_contact_field_5 et_pb_contact_field_last\" data-id=\"approuve\" data-type=\"checkbox\"> <label for=\"et_pb_contact_approuve\" class=\"et_pb_contact_form_label\"> <\/label> <span class=\"wpcf7-form-control-wrap wpgdprc\"><span class=\"wpcf7-form-control wpcf7-validates-as-required wpcf7-wpgdprc\"><span class=\"wpcf7-list-item\"><input type=\"checkbox\" name=\"wpgdprc\" value=\"1\" aria-required=\"true\" aria-invalid=\"false\" \/><span class=\"wpcf7-list-item-label\">J&#039;ai lu la politique de confidentialit\u00e9. J&#039;accepte que mes informations et donn\u00e9es soient collect\u00e9es et stock\u00e9es \u00e9lectroniquement pour r\u00e9pondre \u00e0 ma demande.<\/span><\/span><\/span><\/span><\/p>\n<div class=\"et_contact_bottom_container\">\n<div class=\"et_pb_contact_right\">\n&nbsp;\n<\/div>\n<p> <!-- .et_pb_contact_right -->\t<\/p>\n<div class=\"hvr-bounce-to-right\"><input type=\"submit\" value=\"Envoyer\" class=\"wpcf7-form-control wpcf7-submit\" id=\"et_pb_contact_submit\" \/><\/div>\n<\/div>\n<\/div>\n<div class=\"wpcf7-response-output\" aria-hidden=\"true\"><\/div><\/form><\/div>[\/et_pb_code][\/et_pb_column][et_pb_column type=\u00a0\u00bb2_5&Prime; _builder_version=\u00a0\u00bb4.7.7&Prime; _module_preset=\u00a0\u00bbdefault\u00a0\u00bb][et_pb_code _builder_version=\u00a0\u00bb4.7.7&Prime; _module_preset=\u00a0\u00bbdefault\u00a0\u00bb custom_margin=\u00a0\u00bb-320px||71px||false|false\u00a0\u00bb box_shadow_style=\u00a0\u00bbpreset1&Prime;]<iframe src=\"https:\/\/www.google.com\/maps\/embed?pb=!1m18!1m12!1m3!1d3194.495141971012!2d10.071332515870635!3d36.806653275035025!2m3!1f0!2f0!3f0!3m2!1i1024!2i768!4f13.1!3m3!1m2!1s0x12fd2d1b69dc7bef%3A0x5903c00ffb857475!2sBNS%20ENGINEERING!5e0!3m2!1sfr!2stn!4v1610667615271!5m2!1sfr!2stn\" width=\"1000\" height=\"500\" frameborder=\"0\" style=\"border:0;\" allowfullscreen=\"\" aria-hidden=\"false\" tabindex=\"0\"><\/iframe>[\/et_pb_code][et_pb_text _builder_version=\u00a0\u00bb4.7.7&Prime; _module_preset=\u00a0\u00bbdefault\u00a0\u00bb link_font=\u00a0\u00bbRaleway||||||||\u00a0\u00bb link_text_color=\u00a0\u00bb#666666&Prime; link_font_size=\u00a0\u00bb18px\u00a0\u00bb link_line_height=\u00a0\u00bb2.2em\u00a0\u00bb header_2_font=\u00a0\u00bbAmaranth|700|||||||\u00a0\u00bb header_2_text_color=\u00a0\u00bb#3f3f3f\u00a0\u00bb header_2_font_size=\u00a0\u00bb50px\u00a0\u00bb header_4_font=\u00a0\u00bbAmaranth|700||on|||||\u00a0\u00bb header_4_font_size=\u00a0\u00bb35px\u00a0\u00bb header_4_line_height=\u00a0\u00bb2.2em\u00a0\u00bb header_5_font=\u00a0\u00bbRaleway||||||||\u00a0\u00bb header_5_text_color=\u00a0\u00bb#1d79ac\u00a0\u00bb header_5_font_size=\u00a0\u00bb14px\u00a0\u00bb header_5_letter_spacing=\u00a0\u00bb3px\u00a0\u00bb background_enable_color=\u00a0\u00bboff\u00a0\u00bb]<\/p>\n<h4>info. entreprise<\/h4>\n<p class=\"footer-info\"><a href=\"tel:+21670 526315\" class=\"tel\"><i class=\"fas fa-phone\" aria-hidden=\"true\"><\/i> +216 70 526 315\u00a0<\/a><a href=\"tel:+21670526314\" class=\"tel\">\u00a0<i class=\"fas fa-fax\" aria-hidden=\"true\"><\/i> +216 70 526 314<\/a><a href=\"tel:+21627 505132\" class=\"tel\"><i class=\"fas fa-mobile\"><\/i> +216 27 505 132\u00a0<\/a><a href=\"#\" class=\"adresse\"><i class=\"fas fa-map-marker\" aria-hidden=\"true\"><\/i> P\u00f4le Manouba des Technologies de la Communication 2010, La Manouba, Tunis<\/a><a href=\"mailto:contact@bns.tn\" class=\"mail\"><i class=\"fas fa-paper-plane\" aria-hidden=\"true\"><\/i> contact@bns.tn<\/a><\/p>\n<p>[\/et_pb_text][\/et_pb_column][\/et_pb_row][\/et_pb_section]<\/p>\n","protected":false},"excerpt":{"rendered":"<p>[et_pb_section fb_built=\u00a0\u00bb1&Prime; _builder_version=\u00a0\u00bb4.7.7&Prime; _module_preset=\u00a0\u00bbdefault\u00a0\u00bb background_color=\u00a0\u00bbrgba(0,0,0,0)\u00a0\u00bb background_image=\u00a0\u00bbhttp:\/\/51.91.127.77\/wp-content\/uploads\/2021\/01\/bns-eng-contact.jpg\u00a0\u00bb custom_padding=\u00a0\u00bb0px||0px|||\u00a0\u00bb bottom_divider_style=\u00a0\u00bbmountains\u00a0\u00bb bottom_divider_color=\u00a0\u00bb#ffffff\u00a0\u00bb][et_pb_row column_structure=\u00a0\u00bb1_2,1_2&Prime; use_custom_gutter=\u00a0\u00bbon\u00a0\u00bb gutter_width=\u00a0\u00bb1&Prime; make_equal=\u00a0\u00bbon\u00a0\u00bb _builder_version=\u00a0\u00bb4.7.7&Prime; _module_preset=\u00a0\u00bbdefault\u00a0\u00bb max_width=\u00a0\u00bb100%\u00a0\u00bb custom_margin=\u00a0\u00bb90px|auto||auto|false|false\u00a0\u00bb custom_padding=\u00a0\u00bb0px||0px|||\u00a0\u00bb custom_css_main_element=\u00a0\u00bbalign-items: flex-end;\u00a0\u00bb][et_pb_column type=\u00a0\u00bb1_2&Prime; _builder_version=\u00a0\u00bb4.7.7&Prime; _module_preset=\u00a0\u00bbdefault\u00a0\u00bb][et_pb_text _builder_version=\u00a0\u00bb4.8.2&Prime; _module_preset=\u00a0\u00bbdefault\u00a0\u00bb text_text_color=\u00a0\u00bb#ffffff\u00a0\u00bb header_2_font=\u00a0\u00bbAmaranth|700|||||||\u00a0\u00bb header_2_text_color=\u00a0\u00bb#ffffff\u00a0\u00bb header_2_font_size=\u00a0\u00bb50px\u00a0\u00bb header_5_font=\u00a0\u00bbRaleway||||||||\u00a0\u00bb header_5_text_color=\u00a0\u00bb#1d79ac\u00a0\u00bb header_5_font_size=\u00a0\u00bb14px\u00a0\u00bb header_5_letter_spacing=\u00a0\u00bb3px\u00a0\u00bb custom_padding=\u00a0\u00bb||140px||false|false\u00a0\u00bb] Retour Contactez-nous ! Vous avez une question ? Nous sommes \u00e0 votre disposition pour tout renseignement compl\u00e9mentaire ou demande sp\u00e9cifique. [\/et_pb_text][\/et_pb_column][et_pb_column [&hellip;]<\/p>\n","protected":false},"author":1,"featured_media":0,"parent":0,"menu_order":0,"comment_status":"closed","ping_status":"closed","template":"","meta":{"_et_pb_use_builder":"on","_et_pb_old_content":"","_et_gb_content_width":""},"_links":{"self":[{"href":"http:\/\/www.bns.tn\/index.php?rest_route=\/wp\/v2\/pages\/20"}],"collection":[{"href":"http:\/\/www.bns.tn\/index.php?rest_route=\/wp\/v2\/pages"}],"about":[{"href":"http:\/\/www.bns.tn\/index.php?rest_route=\/wp\/v2\/types\/page"}],"author":[{"embeddable":true,"href":"http:\/\/www.bns.tn\/index.php?rest_route=\/wp\/v2\/users\/1"}],"replies":[{"embeddable":true,"href":"http:\/\/www.bns.tn\/index.php?rest_route=%2Fwp%2Fv2%2Fcomments&post=20"}],"version-history":[{"count":2,"href":"http:\/\/www.bns.tn\/index.php?rest_route=\/wp\/v2\/pages\/20\/revisions"}],"predecessor-version":[{"id":316,"href":"http:\/\/www.bns.tn\/index.php?rest_route=\/wp\/v2\/pages\/20\/revisions\/316"}],"wp:attachment":[{"href":"http:\/\/www.bns.tn\/index.php?rest_route=%2Fwp%2Fv2%2Fmedia&parent=20"}],"curies":[{"name":"wp","href":"https:\/\/api.w.org\/{rel}","templated":true}]}}