{"id":24,"date":"2021-01-07T21:29:34","date_gmt":"2021-01-07T20:29:34","guid":{"rendered":"http:\/\/www.bns.tn\/?page_id=24"},"modified":"2021-01-31T21:41:15","modified_gmt":"2021-01-31T20:41:15","slug":"a-propos","status":"publish","type":"page","link":"http:\/\/www.bns.tn\/?page_id=24","title":{"rendered":"\u00c0 propos"},"content":{"rendered":"<p>[et_pb_section fb_built=\u00a0\u00bb1&Prime; _builder_version=\u00a0\u00bb4.7.7&Prime; _module_preset=\u00a0\u00bbdefault\u00a0\u00bb background_color=\u00a0\u00bbrgba(0,0,0,0)\u00a0\u00bb background_image=\u00a0\u00bbhttp:\/\/51.91.127.77\/wp-content\/uploads\/2021\/01\/business-executives-discussing-with-their-colleagues-whiteboa.jpg\u00a0\u00bb custom_padding=\u00a0\u00bb0px||0px|||\u00a0\u00bb bottom_divider_style=\u00a0\u00bbmountains\u00a0\u00bb bottom_divider_color=\u00a0\u00bb#ffffff\u00a0\u00bb][et_pb_row column_structure=\u00a0\u00bb1_2,1_2&Prime; use_custom_gutter=\u00a0\u00bbon\u00a0\u00bb gutter_width=\u00a0\u00bb1&Prime; make_equal=\u00a0\u00bbon\u00a0\u00bb _builder_version=\u00a0\u00bb4.7.7&Prime; _module_preset=\u00a0\u00bbdefault\u00a0\u00bb max_width=\u00a0\u00bb100%\u00a0\u00bb custom_margin=\u00a0\u00bb90px|auto||auto|false|false\u00a0\u00bb custom_padding=\u00a0\u00bb0px||0px|||\u00a0\u00bb custom_css_main_element=\u00a0\u00bbalign-items: flex-end;\u00a0\u00bb][et_pb_column type=\u00a0\u00bb1_2&Prime; _builder_version=\u00a0\u00bb4.7.7&Prime; _module_preset=\u00a0\u00bbdefault\u00a0\u00bb][et_pb_text _builder_version=\u00a0\u00bb4.7.7&Prime; _module_preset=\u00a0\u00bbdefault\u00a0\u00bb text_text_color=\u00a0\u00bb#ffffff\u00a0\u00bb header_2_font=\u00a0\u00bbAmaranth|700|||||||\u00a0\u00bb header_2_text_color=\u00a0\u00bb#ffffff\u00a0\u00bb header_2_font_size=\u00a0\u00bb50px\u00a0\u00bb header_5_font=\u00a0\u00bbRaleway||||||||\u00a0\u00bb header_5_text_color=\u00a0\u00bb#1d79ac\u00a0\u00bb header_5_font_size=\u00a0\u00bb14px\u00a0\u00bb header_5_letter_spacing=\u00a0\u00bb3px\u00a0\u00bb custom_padding=\u00a0\u00bb||140px||false|false\u00a0\u00bb]<a href=\"\/\" class=\"nav-link\"><i class=\"fal fa-chevron-left\" aria-hidden=\"true\"><\/i> Retour <\/a><\/p>\n<h2>\u00c0 propos<\/h2>\n<p>Fond\u00e9e depuis 2010 dans une orientation de d\u00e9veloppement du digital, BNS-ENGINNERING est une Soci\u00e9t\u00e9 de Service et d\u2019Ing\u00e9nierie Informatique (SSII) <\/p>\n<p>[\/et_pb_text][\/et_pb_column][et_pb_column type=\u00a0\u00bb1_2&Prime; _builder_version=\u00a0\u00bb4.7.7&Prime; _module_preset=\u00a0\u00bbdefault\u00a0\u00bb][\/et_pb_column][\/et_pb_row][\/et_pb_section][et_pb_section fb_built=\u00a0\u00bb1&Prime; _builder_version=\u00a0\u00bb4.7.7&Prime; _module_preset=\u00a0\u00bbdefault\u00a0\u00bb background_color=\u00a0\u00bbrgba(0,0,0,0)\u00a0\u00bb custom_padding=\u00a0\u00bb0px||120px||false|false\u00a0\u00bb bottom_divider_color=\u00a0\u00bb#000000&Prime;][et_pb_row column_structure=\u00a0\u00bb3_5,2_5&Prime; make_equal=\u00a0\u00bbon\u00a0\u00bb _builder_version=\u00a0\u00bb4.7.7&Prime; _module_preset=\u00a0\u00bbdefault\u00a0\u00bb max_width=\u00a0\u00bb100%\u00a0\u00bb custom_margin=\u00a0\u00bb90px|auto||auto|false|false\u00a0\u00bb custom_padding=\u00a0\u00bb0px||0px|||\u00a0\u00bb][et_pb_column type=\u00a0\u00bb3_5&Prime; _builder_version=\u00a0\u00bb4.7.7&Prime; _module_preset=\u00a0\u00bbdefault\u00a0\u00bb][et_pb_text _builder_version=\u00a0\u00bb4.7.7&Prime; _module_preset=\u00a0\u00bbdefault\u00a0\u00bb header_2_font=\u00a0\u00bbAmaranth|700|||||||\u00a0\u00bb header_2_text_color=\u00a0\u00bb#3f3f3f\u00a0\u00bb header_2_font_size=\u00a0\u00bb50px\u00a0\u00bb header_5_font=\u00a0\u00bbRaleway||||||||\u00a0\u00bb header_5_text_color=\u00a0\u00bb#1d79ac\u00a0\u00bb header_5_font_size=\u00a0\u00bb14px\u00a0\u00bb header_5_letter_spacing=\u00a0\u00bb3px\u00a0\u00bb max_width=\u00a0\u00bb100%\u00a0\u00bb]<\/p>\n<h5>Qui sommes-nous ?<\/h5>\n<h2>D\u00e8s la fondation de notre structure, nous avons fait en sorte que bns engineering  soit une SSII hors normes&#8230;<\/h2>\n<div class=\"line left\"><\/div>\n<p>Sp\u00e9cialis\u00e9e dans le d\u00e9veloppement de nouveaux usages, la digitalisation, les domaines e-Finance &amp; e-Government et le d\u00e9veloppement de l\u2019entreprise digitale (e-Business). Sur ce cr\u00e9neau, BNS-ENGINNERING offre \u00e0 une client\u00e8le compos\u00e9e principalement de l\u2019administration et de grands comptes une large gamme de prestations et de produits, allant du conseil et de la conception \u00e0 la r\u00e9alisation et \u00e0 la maintenance des syst\u00e8mes d\u2019information, proposant aussi bien son savoir-faire technique que son expertise fonctionnelle.<\/p>\n<p>Son \u00e9volution lui permet aujourd\u2019hui de s\u2019adresser \u00e0 divers domaines d\u2019activit\u00e9, \u00e0 travers notamment son offre assez compl\u00e8te dans les domaines e-Governement (d\u00e9mat\u00e9rialisation et digitalisation des proc\u00e9dures et des services, plateforme Workflow, syst\u00e8mes d\u2019archivage \u00e9lectronique-GED, plateformes d\u2019\u00e9changes des donn\u00e9es), e-Finance et particuli\u00e8rement le march\u00e9 financier (la bourse, les interm\u00e9diaires en bourse, les banques, les soci\u00e9t\u00e9s de gestion), e-Business &amp; ERP M\u00e9tiers, ainsi que le Consulting et l\u2019ing\u00e9nierie des solutions (Etudes et Conception de Syst\u00e8mes).<\/p>\n<p>[\/et_pb_text][\/et_pb_column][et_pb_column type=\u00a0\u00bb2_5&Prime; _builder_version=\u00a0\u00bb4.7.7&Prime; _module_preset=\u00a0\u00bbdefault\u00a0\u00bb][et_pb_image src=\u00a0\u00bbhttp:\/\/51.91.127.77\/wp-content\/uploads\/2021\/01\/bns-eng-nosvisions-1.jpg\u00a0\u00bb title_text=\u00a0\u00bbbns-eng-nosvisions-1&Prime; _builder_version=\u00a0\u00bb4.7.7&Prime; _module_preset=\u00a0\u00bbdefault\u00a0\u00bb custom_margin=\u00a0\u00bb-310px||30px||false|false\u00a0\u00bb box_shadow_style=\u00a0\u00bbpreset1&Prime;][\/et_pb_image][et_pb_text _builder_version=\u00a0\u00bb4.7.7&Prime; _module_preset=\u00a0\u00bbdefault\u00a0\u00bb header_2_font=\u00a0\u00bbAmaranth|700|||||||\u00a0\u00bb header_2_text_color=\u00a0\u00bb#3f3f3f\u00a0\u00bb header_2_font_size=\u00a0\u00bb50px\u00a0\u00bb header_5_font=\u00a0\u00bbRaleway||||||||\u00a0\u00bb header_5_text_color=\u00a0\u00bb#1d79ac\u00a0\u00bb header_5_font_size=\u00a0\u00bb14px\u00a0\u00bb header_5_letter_spacing=\u00a0\u00bb3px\u00a0\u00bb max_width=\u00a0\u00bb100%\u00a0\u00bb]<\/p>\n<p>Depuis ses d\u00e9buts, BNS-ENGINEERING a su construire une relation de confiance avec ses clients tout en assurant des prestations innovantes, de qualit\u00e9 et \u00e0 forte valeur ajout\u00e9e ainsi que la performance requise des services d\u00e9livr\u00e9s.<\/p>\n<p>BNS ENGINEERING est engag\u00e9e dans un processus d\u2019am\u00e9lioration continue dans la construction de relations durables avec ses clients et partenaires strat\u00e9giques.<\/p>\n<p> Dans la conduite et la r\u00e9alisation de nos projets, l\u2019\u00e9thique des affaires est une exigence primordiale de notre action au quotidien. Une exigence que nous appliquons \u00e0 nos clients, \u00e0 nos fournisseurs et \u00e0 nos partenaires.<\/p>\n<p>[\/et_pb_text][\/et_pb_column][\/et_pb_row][et_pb_row make_equal=\u00a0\u00bbon\u00a0\u00bb _builder_version=\u00a0\u00bb4.7.7&Prime; _module_preset=\u00a0\u00bbdefault\u00a0\u00bb max_width=\u00a0\u00bb100%\u00a0\u00bb custom_margin=\u00a0\u00bb90px|auto||auto|false|false\u00a0\u00bb custom_padding=\u00a0\u00bb0px||100px|||\u00a0\u00bb custom_css_main_element=\u00a0\u00bbalign-items: center;\u00a0\u00bb][et_pb_column type=\u00a0\u00bb4_4&Prime; _builder_version=\u00a0\u00bb4.7.7&Prime; _module_preset=\u00a0\u00bbdefault\u00a0\u00bb][et_pb_text _builder_version=\u00a0\u00bb4.7.7&Prime; _module_preset=\u00a0\u00bbdefault\u00a0\u00bb header_2_font=\u00a0\u00bbAmaranth|700|||||||\u00a0\u00bb header_2_text_color=\u00a0\u00bb#3f3f3f\u00a0\u00bb header_2_font_size=\u00a0\u00bb50px\u00a0\u00bb header_5_font=\u00a0\u00bbRaleway||||||||\u00a0\u00bb header_5_text_color=\u00a0\u00bb#1d79ac\u00a0\u00bb header_5_font_size=\u00a0\u00bb14px\u00a0\u00bb header_5_letter_spacing=\u00a0\u00bb3px\u00a0\u00bb text_orientation=\u00a0\u00bbcenter\u00a0\u00bb max_width=\u00a0\u00bb87%\u00a0\u00bb module_alignment=\u00a0\u00bbcenter\u00a0\u00bb]<\/p>\n<h5>Notre expertise<\/h5>\n<h2>Des experts de haut niveau sont \u00e0 votre disposition dans diff\u00e9rents domaines d\u2019intervention &#8230;<\/h2>\n<div class=\"line\"><\/div>\n<p>Une \u00e9quipe exp\u00e9riment\u00e9e en syst\u00e8me d\u2019informations &amp; digitalisation, en ing\u00e9nierie de d\u00e9veloppement, en finance et en consulting, mettent leurs comp\u00e9tences \u00e0 disposition pour cr\u00e9er la solution qui r\u00e9pond aux mieux aux besoins.<\/p>\n<p> L\u2019\u00e9quipe BNS s\u2019appuie sur un r\u00e9f\u00e9rentiel de gestion de projet PMI pour l\u2019initiation, la planification, l\u2019ex\u00e9cution, la maitrise et la cl\u00f4ture des diff\u00e9rentes phases du projet ainsi que des approches Agile dans la r\u00e9alisation des projets.<\/p>\n<p> Disposant d\u2019une forte expertise et un savoir-faire qui s\u2019est d\u00e9velopp\u00e9 au fil des ann\u00e9es, reconnus sur le march\u00e9 national et international, BNS ENGINEERING accorde une haute importance \u00e0 la maitrise totale des processus m\u00e9tier, la r\u00e9ing\u00e9nierie et le d\u00e9veloppement de connaissances sp\u00e9cialis\u00e9es afin d\u2019aboutir \u00e0 des solutions \u00e0 haute valeur ajout\u00e9e.<\/p>\n<p>[\/et_pb_text][\/et_pb_column][\/et_pb_row][et_pb_row column_structure=\u00a0\u00bb1_4,1_4,1_4,1_4&Prime; use_custom_gutter=\u00a0\u00bbon\u00a0\u00bb gutter_width=\u00a0\u00bb2&Prime; _builder_version=\u00a0\u00bb4.7.7&Prime; background_color=\u00a0\u00bbrgba(255,255,255,0)\u00a0\u00bb max_width=\u00a0\u00bb1440px\u00a0\u00bb custom_padding=\u00a0\u00bb0px|0px|0|0px|false|false\u00a0\u00bb use_custom_width=\u00a0\u00bbon\u00a0\u00bb custom_width_px=\u00a0\u00bb1440px\u00a0\u00bb][et_pb_column type=\u00a0\u00bb1_4&Prime; _builder_version=\u00a0\u00bb3.25&Prime; custom_padding=\u00a0\u00bb|||\u00a0\u00bb custom_padding__hover=\u00a0\u00bb|||\u00a0\u00bb][et_pb_blurb title=\u00a0\u00bbExpertise fonctionnelle\u00a0\u00bb use_icon=\u00a0\u00bbon\u00a0\u00bb font_icon=\u00a0\u00bb%%276%%\u00a0\u00bb icon_color=\u00a0\u00bb#1d79ac\u00a0\u00bb use_circle=\u00a0\u00bbon\u00a0\u00bb circle_color=\u00a0\u00bbrgba(29,121,172,0.19)\u00a0\u00bb use_icon_font_size=\u00a0\u00bbon\u00a0\u00bb icon_font_size=\u00a0\u00bb32px\u00a0\u00bb _builder_version=\u00a0\u00bb4.7.7&Prime; header_font=\u00a0\u00bbRaleway|700|||||||\u00a0\u00bb header_font_size=\u00a0\u00bb18px\u00a0\u00bb header_line_height=\u00a0\u00bb1.2em\u00a0\u00bb body_font=\u00a0\u00bb||||||||\u00a0\u00bb background_color=\u00a0\u00bb#ffffff\u00a0\u00bb text_orientation=\u00a0\u00bbcenter\u00a0\u00bb module_alignment=\u00a0\u00bbleft\u00a0\u00bb custom_margin=\u00a0\u00bb||0px|\u00a0\u00bb custom_padding=\u00a0\u00bb30px|20px|40px|20px|false|true\u00a0\u00bb custom_padding_tablet=\u00a0\u00bb\u00a0\u00bb custom_padding_phone=\u00a0\u00bb\u00a0\u00bb custom_padding_last_edited=\u00a0\u00bbon|phone\u00a0\u00bb animation_style=\u00a0\u00bbzoom\u00a0\u00bb animation_intensity_zoom=\u00a0\u00bb8%\u00a0\u00bb animation=\u00a0\u00bboff\u00a0\u00bb custom_css_blurb_title=\u00a0\u00bbwidth: 60%;||margin: auto;\u00a0\u00bb border_radii=\u00a0\u00bbon|10px|10px|10px|10px\u00a0\u00bb border_width_all_image=\u00a0\u00bb50px\u00a0\u00bb box_shadow_style=\u00a0\u00bbpreset1&Prime; box_shadow_blur=\u00a0\u00bb70px\u00a0\u00bb box_shadow_color=\u00a0\u00bbrgba(110,130,208,0.18)\u00a0\u00bb][\/et_pb_blurb][\/et_pb_column][et_pb_column type=\u00a0\u00bb1_4&Prime; _builder_version=\u00a0\u00bb3.25&Prime; custom_padding=\u00a0\u00bb|||\u00a0\u00bb custom_padding__hover=\u00a0\u00bb|||\u00a0\u00bb][et_pb_blurb title=\u00a0\u00bbExpertise technique\u00a0\u00bb use_icon=\u00a0\u00bbon\u00a0\u00bb font_icon=\u00a0\u00bb%%239%%\u00a0\u00bb icon_color=\u00a0\u00bb#f9c043&Prime; use_circle=\u00a0\u00bbon\u00a0\u00bb circle_color=\u00a0\u00bbrgba(249,192,67,0.3)\u00a0\u00bb use_icon_font_size=\u00a0\u00bbon\u00a0\u00bb icon_font_size=\u00a0\u00bb32px\u00a0\u00bb _builder_version=\u00a0\u00bb4.7.7&Prime; header_font=\u00a0\u00bbRaleway|700|||||||\u00a0\u00bb header_font_size=\u00a0\u00bb18px\u00a0\u00bb header_line_height=\u00a0\u00bb1.2em\u00a0\u00bb body_font=\u00a0\u00bb||||||||\u00a0\u00bb background_color=\u00a0\u00bb#ffffff\u00a0\u00bb text_orientation=\u00a0\u00bbcenter\u00a0\u00bb module_alignment=\u00a0\u00bbleft\u00a0\u00bb custom_margin=\u00a0\u00bb50px||0px||false|false\u00a0\u00bb custom_padding=\u00a0\u00bb30px|20px|40px|20px|false|true\u00a0\u00bb custom_padding_tablet=\u00a0\u00bb\u00a0\u00bb custom_padding_phone=\u00a0\u00bb\u00a0\u00bb custom_padding_last_edited=\u00a0\u00bbon|phone\u00a0\u00bb animation_style=\u00a0\u00bbzoom\u00a0\u00bb animation_intensity_zoom=\u00a0\u00bb8%\u00a0\u00bb animation=\u00a0\u00bboff\u00a0\u00bb custom_css_blurb_title=\u00a0\u00bbwidth: 60%;||margin: auto;\u00a0\u00bb border_radii=\u00a0\u00bbon|10px|10px|10px|10px\u00a0\u00bb border_width_all_image=\u00a0\u00bb50px\u00a0\u00bb box_shadow_style=\u00a0\u00bbpreset1&Prime; box_shadow_blur=\u00a0\u00bb70px\u00a0\u00bb box_shadow_color=\u00a0\u00bbrgba(110,130,208,0.18)\u00a0\u00bb][\/et_pb_blurb][\/et_pb_column][et_pb_column type=\u00a0\u00bb1_4&Prime; _builder_version=\u00a0\u00bb3.25&Prime; custom_padding=\u00a0\u00bb|||\u00a0\u00bb custom_padding__hover=\u00a0\u00bb|||\u00a0\u00bb][et_pb_blurb title=\u00a0\u00bbCompr\u00e9hension du besoin m\u00e9tier\u00a0\u00bb use_icon=\u00a0\u00bbon\u00a0\u00bb font_icon=\u00a0\u00bb%%209%%\u00a0\u00bb icon_color=\u00a0\u00bb#0ea883&Prime; use_circle=\u00a0\u00bbon\u00a0\u00bb circle_color=\u00a0\u00bbrgba(14,168,131,0.29)\u00a0\u00bb use_icon_font_size=\u00a0\u00bbon\u00a0\u00bb icon_font_size=\u00a0\u00bb32px\u00a0\u00bb _builder_version=\u00a0\u00bb4.7.7&Prime; header_font=\u00a0\u00bbRaleway|700|||||||\u00a0\u00bb header_font_size=\u00a0\u00bb18px\u00a0\u00bb header_line_height=\u00a0\u00bb1.2em\u00a0\u00bb body_font=\u00a0\u00bb||||||||\u00a0\u00bb background_color=\u00a0\u00bb#ffffff\u00a0\u00bb text_orientation=\u00a0\u00bbcenter\u00a0\u00bb module_alignment=\u00a0\u00bbleft\u00a0\u00bb custom_margin=\u00a0\u00bb||0px|\u00a0\u00bb custom_padding=\u00a0\u00bb30px|20px|40px|20px|false|true\u00a0\u00bb custom_padding_tablet=\u00a0\u00bb\u00a0\u00bb custom_padding_phone=\u00a0\u00bb\u00a0\u00bb custom_padding_last_edited=\u00a0\u00bbon|phone\u00a0\u00bb animation_style=\u00a0\u00bbzoom\u00a0\u00bb animation_intensity_zoom=\u00a0\u00bb8%\u00a0\u00bb animation=\u00a0\u00bboff\u00a0\u00bb custom_css_blurb_title=\u00a0\u00bbwidth: 70%;||margin: auto;\u00a0\u00bb border_radii=\u00a0\u00bbon|10px|10px|10px|10px\u00a0\u00bb border_width_all_image=\u00a0\u00bb50px\u00a0\u00bb box_shadow_style=\u00a0\u00bbpreset1&Prime; box_shadow_blur=\u00a0\u00bb70px\u00a0\u00bb box_shadow_color=\u00a0\u00bbrgba(110,130,208,0.18)\u00a0\u00bb][\/et_pb_blurb][\/et_pb_column][et_pb_column type=\u00a0\u00bb1_4&Prime; _builder_version=\u00a0\u00bb3.25&Prime; custom_padding=\u00a0\u00bb|||\u00a0\u00bb custom_padding__hover=\u00a0\u00bb|||\u00a0\u00bb][et_pb_blurb title=\u00a0\u00bbRigueur de gestion &#038; Rentabilit\u00e9 \u00a0\u00bb use_icon=\u00a0\u00bbon\u00a0\u00bb font_icon=\u00a0\u00bb%%283%%\u00a0\u00bb icon_color=\u00a0\u00bb#76ce44&Prime; use_circle=\u00a0\u00bbon\u00a0\u00bb circle_color=\u00a0\u00bbrgba(118,206,68,0.3)\u00a0\u00bb use_icon_font_size=\u00a0\u00bbon\u00a0\u00bb icon_font_size=\u00a0\u00bb32px\u00a0\u00bb _builder_version=\u00a0\u00bb4.7.7&Prime; header_font=\u00a0\u00bbRaleway|700|||||||\u00a0\u00bb header_font_size=\u00a0\u00bb18px\u00a0\u00bb header_line_height=\u00a0\u00bb1.2em\u00a0\u00bb body_font=\u00a0\u00bb||||||||\u00a0\u00bb background_color=\u00a0\u00bb#ffffff\u00a0\u00bb text_orientation=\u00a0\u00bbcenter\u00a0\u00bb module_alignment=\u00a0\u00bbleft\u00a0\u00bb custom_margin=\u00a0\u00bb50px||0px||false|false\u00a0\u00bb custom_padding=\u00a0\u00bb30px|20px|40px|20px|false|true\u00a0\u00bb custom_padding_tablet=\u00a0\u00bb\u00a0\u00bb custom_padding_phone=\u00a0\u00bb\u00a0\u00bb custom_padding_last_edited=\u00a0\u00bbon|phone\u00a0\u00bb animation_style=\u00a0\u00bbzoom\u00a0\u00bb animation_intensity_zoom=\u00a0\u00bb8%\u00a0\u00bb animation=\u00a0\u00bboff\u00a0\u00bb custom_css_blurb_title=\u00a0\u00bbwidth: 75%;||margin: auto;\u00a0\u00bb border_radii=\u00a0\u00bbon|10px|10px|10px|10px\u00a0\u00bb border_width_all_image=\u00a0\u00bb50px\u00a0\u00bb box_shadow_style=\u00a0\u00bbpreset1&Prime; box_shadow_blur=\u00a0\u00bb70px\u00a0\u00bb box_shadow_color=\u00a0\u00bbrgba(110,130,208,0.18)\u00a0\u00bb][\/et_pb_blurb][\/et_pb_column][\/et_pb_row][\/et_pb_section]<\/p>\n","protected":false},"excerpt":{"rendered":"<p>[et_pb_section fb_built=\u00a0\u00bb1&Prime; _builder_version=\u00a0\u00bb4.7.7&Prime; _module_preset=\u00a0\u00bbdefault\u00a0\u00bb background_color=\u00a0\u00bbrgba(0,0,0,0)\u00a0\u00bb background_image=\u00a0\u00bbhttp:\/\/51.91.127.77\/wp-content\/uploads\/2021\/01\/business-executives-discussing-with-their-colleagues-whiteboa.jpg\u00a0\u00bb custom_padding=\u00a0\u00bb0px||0px|||\u00a0\u00bb bottom_divider_style=\u00a0\u00bbmountains\u00a0\u00bb bottom_divider_color=\u00a0\u00bb#ffffff\u00a0\u00bb][et_pb_row column_structure=\u00a0\u00bb1_2,1_2&Prime; use_custom_gutter=\u00a0\u00bbon\u00a0\u00bb gutter_width=\u00a0\u00bb1&Prime; make_equal=\u00a0\u00bbon\u00a0\u00bb _builder_version=\u00a0\u00bb4.7.7&Prime; _module_preset=\u00a0\u00bbdefault\u00a0\u00bb max_width=\u00a0\u00bb100%\u00a0\u00bb custom_margin=\u00a0\u00bb90px|auto||auto|false|false\u00a0\u00bb custom_padding=\u00a0\u00bb0px||0px|||\u00a0\u00bb custom_css_main_element=\u00a0\u00bbalign-items: flex-end;\u00a0\u00bb][et_pb_column type=\u00a0\u00bb1_2&Prime; _builder_version=\u00a0\u00bb4.7.7&Prime; _module_preset=\u00a0\u00bbdefault\u00a0\u00bb][et_pb_text _builder_version=\u00a0\u00bb4.7.7&Prime; _module_preset=\u00a0\u00bbdefault\u00a0\u00bb text_text_color=\u00a0\u00bb#ffffff\u00a0\u00bb header_2_font=\u00a0\u00bbAmaranth|700|||||||\u00a0\u00bb header_2_text_color=\u00a0\u00bb#ffffff\u00a0\u00bb header_2_font_size=\u00a0\u00bb50px\u00a0\u00bb header_5_font=\u00a0\u00bbRaleway||||||||\u00a0\u00bb header_5_text_color=\u00a0\u00bb#1d79ac\u00a0\u00bb header_5_font_size=\u00a0\u00bb14px\u00a0\u00bb header_5_letter_spacing=\u00a0\u00bb3px\u00a0\u00bb custom_padding=\u00a0\u00bb||140px||false|false\u00a0\u00bb] Retour \u00c0 propos Fond\u00e9e depuis 2010 dans une orientation de d\u00e9veloppement du digital, BNS-ENGINNERING est une Soci\u00e9t\u00e9 de Service et d\u2019Ing\u00e9nierie [&hellip;]<\/p>\n","protected":false},"author":1,"featured_media":0,"parent":0,"menu_order":0,"comment_status":"closed","ping_status":"closed","template":"","meta":{"_et_pb_use_builder":"on","_et_pb_old_content":"","_et_gb_content_width":""},"_links":{"self":[{"href":"http:\/\/www.bns.tn\/index.php?rest_route=\/wp\/v2\/pages\/24"}],"collection":[{"href":"http:\/\/www.bns.tn\/index.php?rest_route=\/wp\/v2\/pages"}],"about":[{"href":"http:\/\/www.bns.tn\/index.php?rest_route=\/wp\/v2\/types\/page"}],"author":[{"embeddable":true,"href":"http:\/\/www.bns.tn\/index.php?rest_route=\/wp\/v2\/users\/1"}],"replies":[{"embeddable":true,"href":"http:\/\/www.bns.tn\/index.php?rest_route=%2Fwp%2Fv2%2Fcomments&post=24"}],"version-history":[{"count":2,"href":"http:\/\/www.bns.tn\/index.php?rest_route=\/wp\/v2\/pages\/24\/revisions"}],"predecessor-version":[{"id":152,"href":"http:\/\/www.bns.tn\/index.php?rest_route=\/wp\/v2\/pages\/24\/revisions\/152"}],"wp:attachment":[{"href":"http:\/\/www.bns.tn\/index.php?rest_route=%2Fwp%2Fv2%2Fmedia&parent=24"}],"curies":[{"name":"wp","href":"https:\/\/api.w.org\/{rel}","templated":true}]}}