{"id":30,"date":"2021-01-07T21:32:48","date_gmt":"2021-01-07T20:32:48","guid":{"rendered":"http:\/\/51.91.127.77\/?page_id=30"},"modified":"2021-02-01T22:05:08","modified_gmt":"2021-02-01T21:05:08","slug":"technologies","status":"publish","type":"page","link":"http:\/\/www.bns.tn\/?page_id=30","title":{"rendered":"Partenaires"},"content":{"rendered":"<p>[et_pb_section fb_built=\u00a0\u00bb1&Prime; _builder_version=\u00a0\u00bb4.7.7&Prime; _module_preset=\u00a0\u00bbdefault\u00a0\u00bb background_color=\u00a0\u00bbrgba(0,0,0,0)\u00a0\u00bb background_image=\u00a0\u00bbhttp:\/\/51.91.127.77\/wp-content\/uploads\/2021\/01\/group-people-working-out-business-plan-office.jpg\u00a0\u00bb custom_padding=\u00a0\u00bb0px||0px|||\u00a0\u00bb bottom_divider_style=\u00a0\u00bbmountains\u00a0\u00bb bottom_divider_color=\u00a0\u00bb#ffffff\u00a0\u00bb][et_pb_row column_structure=\u00a0\u00bb1_2,1_2&Prime; use_custom_gutter=\u00a0\u00bbon\u00a0\u00bb gutter_width=\u00a0\u00bb1&Prime; make_equal=\u00a0\u00bbon\u00a0\u00bb _builder_version=\u00a0\u00bb4.7.7&Prime; _module_preset=\u00a0\u00bbdefault\u00a0\u00bb max_width=\u00a0\u00bb100%\u00a0\u00bb custom_margin=\u00a0\u00bb90px|auto||auto|false|false\u00a0\u00bb custom_padding=\u00a0\u00bb0px||0px|||\u00a0\u00bb custom_css_main_element=\u00a0\u00bbalign-items: flex-end;\u00a0\u00bb][et_pb_column type=\u00a0\u00bb1_2&Prime; _builder_version=\u00a0\u00bb4.7.7&Prime; _module_preset=\u00a0\u00bbdefault\u00a0\u00bb][et_pb_text _builder_version=\u00a0\u00bb4.7.7&Prime; _module_preset=\u00a0\u00bbdefault\u00a0\u00bb text_text_color=\u00a0\u00bb#ffffff\u00a0\u00bb header_2_font=\u00a0\u00bbAmaranth|700|||||||\u00a0\u00bb header_2_text_color=\u00a0\u00bb#ffffff\u00a0\u00bb header_2_font_size=\u00a0\u00bb50px\u00a0\u00bb header_5_font=\u00a0\u00bbRaleway||||||||\u00a0\u00bb header_5_text_color=\u00a0\u00bb#1d79ac\u00a0\u00bb header_5_font_size=\u00a0\u00bb14px\u00a0\u00bb header_5_letter_spacing=\u00a0\u00bb3px\u00a0\u00bb custom_padding=\u00a0\u00bb||140px||false|false\u00a0\u00bb]<a href=\"\/\" class=\"nav-link\"><i class=\"fal fa-chevron-left\" aria-hidden=\"true\"><\/i> Retour <\/a><\/p>\n<h2>Partenaires<\/h2>\n<p>Depuis sa cr\u00e9ation, BNS Engineering s\u2019attache \u00e0 nouer et \u00e0 d\u00e9velopper des partenariats forts. Ensemble, nous travaillons en synergie pour offrir aux clients les meilleurs services et produits.<\/p>\n<p>[\/et_pb_text][\/et_pb_column][et_pb_column type=\u00a0\u00bb1_2&Prime; _builder_version=\u00a0\u00bb4.7.7&Prime; _module_preset=\u00a0\u00bbdefault\u00a0\u00bb][\/et_pb_column][\/et_pb_row][\/et_pb_section][et_pb_section fb_built=\u00a0\u00bb1&Prime; _builder_version=\u00a0\u00bb4.7.7&Prime; _module_preset=\u00a0\u00bbdefault\u00a0\u00bb background_color=\u00a0\u00bbrgba(0,0,0,0)\u00a0\u00bb custom_padding=\u00a0\u00bb0px||120px||false|false\u00a0\u00bb bottom_divider_color=\u00a0\u00bb#000000&Prime;][et_pb_row column_structure=\u00a0\u00bb1_2,1_2&Prime; make_equal=\u00a0\u00bbon\u00a0\u00bb _builder_version=\u00a0\u00bb4.7.7&Prime; _module_preset=\u00a0\u00bbdefault\u00a0\u00bb max_width=\u00a0\u00bb100%\u00a0\u00bb custom_margin=\u00a0\u00bb90px|auto||auto|false|false\u00a0\u00bb custom_padding=\u00a0\u00bb0px||0px|||\u00a0\u00bb][et_pb_column type=\u00a0\u00bb1_2&Prime; _builder_version=\u00a0\u00bb4.7.7&Prime; _module_preset=\u00a0\u00bbdefault\u00a0\u00bb][et_pb_blurb title=\u00a0\u00bbIntrasoft international\u00a0\u00bb image=\u00a0\u00bbhttp:\/\/51.91.127.77\/wp-content\/uploads\/2021\/01\/logo-intrasoft.png\u00a0\u00bb icon_placement=\u00a0\u00bbleft\u00a0\u00bb content_max_width=\u00a0\u00bb100%\u00a0\u00bb _builder_version=\u00a0\u00bb4.7.7&Prime; _module_preset=\u00a0\u00bbdefault\u00a0\u00bb header_font=\u00a0\u00bbAmaranth|700|||||||\u00a0\u00bb header_font_size=\u00a0\u00bb25px\u00a0\u00bb custom_margin=\u00a0\u00bb||80px|||\u00a0\u00bb custom_css_blurb_image=\u00a0\u00bbwidth: 30%;||\u00a0\u00bb border_color_all_image=\u00a0\u00bb#ffffff\u00a0\u00bb]<\/p>\n<h5 class=\"subtitle\">groupe de solutions et de services informatiques europ\u00e9en<\/h5>\n<p>Ce partenariat strat\u00e9gique va au-del\u00e0 de la technique et des syst\u00e8mes informatiques pour offrir des solutions compl\u00e8tes afin de r\u00e9pondre \u00e0 tous les enjeux m\u00e9tiers. Parmi les activit\u00e9s principales figurent les services des douanes, la facilitation du commerce, les guichets uniques \u00e9lectroniques de commerce international, de fiscalit\u00e9, de s\u00e9curit\u00e9 sociale, les services publics, la gestion financi\u00e8re, les soins de sant\u00e9 et la justice.<\/p>\n<p>INTRASOFT International est l\u2019un des plus grands groupes de solutions et de services informatiques en Europe. Fort de solides comp\u00e9tences et d\u2019une pr\u00e9sence \u00e0 l\u2019international, la soci\u00e9t\u00e9 propose des solutions novatrices et \u00e0 valeur ajout\u00e9e de la plus haute qualit\u00e9 \u00e0 un large \u00e9ventail d\u2019organisations internationales, nationales, publiques et priv\u00e9es.<\/p>\n<p>[\/et_pb_blurb][et_pb_blurb title=\u00a0\u00bbFSEG Mahdia\u00a0\u00bb image=\u00a0\u00bbhttp:\/\/51.91.127.77\/wp-content\/uploads\/2021\/01\/logo-FSEGM.png\u00a0\u00bb icon_placement=\u00a0\u00bbleft\u00a0\u00bb content_max_width=\u00a0\u00bb100%\u00a0\u00bb _builder_version=\u00a0\u00bb4.7.7&Prime; _module_preset=\u00a0\u00bbdefault\u00a0\u00bb header_font=\u00a0\u00bbAmaranth|700|||||||\u00a0\u00bb header_font_size=\u00a0\u00bb25px\u00a0\u00bb custom_css_blurb_image=\u00a0\u00bbwidth: 30%;||\u00a0\u00bb border_color_all_image=\u00a0\u00bb#ffffff\u00a0\u00bb]<\/p>\n<h5 class=\"subtitle\">Facult\u00e9 des Sciences \u00c9conomiques et de Gestion<\/h5>\n<p>Il s\u2019agit d\u2019un partenariat techniquement solidaire qui vise \u00e0 \u00e9tudier, proposer et soutenir une offre commune, adapt\u00e9e aux besoins exprim\u00e9s par les tendances de l\u2019\u00e9conomie digitale et de l\u2019enseignement pour la mise en place de solutions innovantes en trading \u00e9lectronique.<\/p>\n<p>Ces solutions visent la modernisation de l&rsquo;enseignement de la finance de march\u00e9 et particuli\u00e8rement \u00e0 renforcer la qualit\u00e9 des \u00e9tudes en gestion-finance pour, enfin, am\u00e9liorer l\u2019employabilit\u00e9 des dipl\u00f4m\u00e9s.<\/p>\n<p>[\/et_pb_blurb][\/et_pb_column][et_pb_column type=\u00a0\u00bb1_2&Prime; _builder_version=\u00a0\u00bb4.7.7&Prime; _module_preset=\u00a0\u00bbdefault\u00a0\u00bb][et_pb_divider show_divider=\u00a0\u00bboff\u00a0\u00bb _builder_version=\u00a0\u00bb4.7.7&Prime; _module_preset=\u00a0\u00bbdefault\u00a0\u00bb background_image=\u00a0\u00bbhttp:\/\/51.91.127.77\/wp-content\/uploads\/2021\/01\/colleagues-giving-a-fist-bump-scaled-1.jpg\u00a0\u00bb width=\u00a0\u00bb100%\u00a0\u00bb height=\u00a0\u00bb600px\u00a0\u00bb custom_margin=\u00a0\u00bb-340px||70px||false|false\u00a0\u00bb custom_padding=\u00a0\u00bb0px||||false|false\u00a0\u00bb box_shadow_style=\u00a0\u00bbpreset1&Prime;][\/et_pb_divider][et_pb_blurb title=\u00a0\u00bbBourse de Tunis\u00a0\u00bb image=\u00a0\u00bbhttp:\/\/51.91.127.77\/wp-content\/uploads\/2021\/01\/logo-BDT.png\u00a0\u00bb icon_placement=\u00a0\u00bbleft\u00a0\u00bb content_max_width=\u00a0\u00bb100%\u00a0\u00bb _builder_version=\u00a0\u00bb4.7.7&Prime; _module_preset=\u00a0\u00bbdefault\u00a0\u00bb header_font=\u00a0\u00bbAmaranth|700|||||||\u00a0\u00bb header_font_size=\u00a0\u00bb25px\u00a0\u00bb custom_margin=\u00a0\u00bb||80px|||\u00a0\u00bb custom_css_blurb_image=\u00a0\u00bbwidth: 30%;||\u00a0\u00bb border_color_all_image=\u00a0\u00bb#ffffff\u00a0\u00bb]<\/p>\n<h5 class=\"subtitle\">gestion du march\u00e9 tunisien des valeurs mobili\u00e8res<\/h5>\n<p>L\u2019activit\u00e9 de BNS cadre parfaitement avec les orientations de la Bourse de Tunis dans sa strat\u00e9gie de vulgarisation de la Bourse en diffusant la culture boursi\u00e8re \u00e0 une tr\u00e8s large \u00e9chelle.<\/p>\n<p>En effet, depuis 2010, BNS op\u00e8re en \u00e9troite collaboration avec la Bourse de Tunis pour contribuer dans la modernisation du march\u00e9 financier dans ses mutations technologiques.<\/p>\n<p>[\/et_pb_blurb][et_pb_blurb title=\u00a0\u00bbCOFIB CAPITAL FINANCES\u00a0\u00bb image=\u00a0\u00bbhttp:\/\/51.91.127.77\/wp-content\/uploads\/2021\/01\/logo-capfinance.png\u00a0\u00bb icon_placement=\u00a0\u00bbleft\u00a0\u00bb content_max_width=\u00a0\u00bb100%\u00a0\u00bb _builder_version=\u00a0\u00bb4.8.2&Prime; _module_preset=\u00a0\u00bbdefault\u00a0\u00bb header_font=\u00a0\u00bbAmaranth|700|||||||\u00a0\u00bb header_font_size=\u00a0\u00bb25px\u00a0\u00bb custom_padding=\u00a0\u00bb11px|||||\u00a0\u00bb custom_css_blurb_image=\u00a0\u00bbwidth: 30%;||\u00a0\u00bb border_color_all_image=\u00a0\u00bb#ffffff\u00a0\u00bb]<\/p>\n<h5 class=\"subtitle\">Interm\u00e9diaire en Bourse\u00a0<\/h5>\n<p>Il s\u2019agit d\u2019un partenariat solidaire dans le but de mettre en place un Syst\u00e8me d&rsquo;Information d&rsquo;Interm\u00e9diation Boursi\u00e8re avec une large couverture fonctionnelle (Front Office, Middle Office, Back Office).<\/p>\n<p>Ainsi, face aux exigences du march\u00e9 financier et \u00e0 l\u2019\u00e9volution rapide des modes op\u00e9ratoires et des technologies dans le domaine, cette synergie \u0153uvre \u00e0 digitaliser l\u2019ensemble des services op\u00e9rationnels.<\/p>\n<p>[\/et_pb_blurb][\/et_pb_column][\/et_pb_row][\/et_pb_section]<\/p>\n","protected":false},"excerpt":{"rendered":"<p>[et_pb_section fb_built=\u00a0\u00bb1&Prime; _builder_version=\u00a0\u00bb4.7.7&Prime; _module_preset=\u00a0\u00bbdefault\u00a0\u00bb background_color=\u00a0\u00bbrgba(0,0,0,0)\u00a0\u00bb background_image=\u00a0\u00bbhttp:\/\/51.91.127.77\/wp-content\/uploads\/2021\/01\/group-people-working-out-business-plan-office.jpg\u00a0\u00bb custom_padding=\u00a0\u00bb0px||0px|||\u00a0\u00bb bottom_divider_style=\u00a0\u00bbmountains\u00a0\u00bb bottom_divider_color=\u00a0\u00bb#ffffff\u00a0\u00bb][et_pb_row column_structure=\u00a0\u00bb1_2,1_2&Prime; use_custom_gutter=\u00a0\u00bbon\u00a0\u00bb gutter_width=\u00a0\u00bb1&Prime; make_equal=\u00a0\u00bbon\u00a0\u00bb _builder_version=\u00a0\u00bb4.7.7&Prime; _module_preset=\u00a0\u00bbdefault\u00a0\u00bb max_width=\u00a0\u00bb100%\u00a0\u00bb custom_margin=\u00a0\u00bb90px|auto||auto|false|false\u00a0\u00bb custom_padding=\u00a0\u00bb0px||0px|||\u00a0\u00bb custom_css_main_element=\u00a0\u00bbalign-items: flex-end;\u00a0\u00bb][et_pb_column type=\u00a0\u00bb1_2&Prime; _builder_version=\u00a0\u00bb4.7.7&Prime; _module_preset=\u00a0\u00bbdefault\u00a0\u00bb][et_pb_text _builder_version=\u00a0\u00bb4.7.7&Prime; _module_preset=\u00a0\u00bbdefault\u00a0\u00bb text_text_color=\u00a0\u00bb#ffffff\u00a0\u00bb header_2_font=\u00a0\u00bbAmaranth|700|||||||\u00a0\u00bb header_2_text_color=\u00a0\u00bb#ffffff\u00a0\u00bb header_2_font_size=\u00a0\u00bb50px\u00a0\u00bb header_5_font=\u00a0\u00bbRaleway||||||||\u00a0\u00bb header_5_text_color=\u00a0\u00bb#1d79ac\u00a0\u00bb header_5_font_size=\u00a0\u00bb14px\u00a0\u00bb header_5_letter_spacing=\u00a0\u00bb3px\u00a0\u00bb custom_padding=\u00a0\u00bb||140px||false|false\u00a0\u00bb] Retour Partenaires Depuis sa cr\u00e9ation, BNS Engineering s\u2019attache \u00e0 nouer et \u00e0 d\u00e9velopper des partenariats forts. Ensemble, nous travaillons en synergie [&hellip;]<\/p>\n","protected":false},"author":1,"featured_media":0,"parent":0,"menu_order":0,"comment_status":"closed","ping_status":"closed","template":"","meta":{"_et_pb_use_builder":"on","_et_pb_old_content":"","_et_gb_content_width":""},"_links":{"self":[{"href":"http:\/\/www.bns.tn\/index.php?rest_route=\/wp\/v2\/pages\/30"}],"collection":[{"href":"http:\/\/www.bns.tn\/index.php?rest_route=\/wp\/v2\/pages"}],"about":[{"href":"http:\/\/www.bns.tn\/index.php?rest_route=\/wp\/v2\/types\/page"}],"author":[{"embeddable":true,"href":"http:\/\/www.bns.tn\/index.php?rest_route=\/wp\/v2\/users\/1"}],"replies":[{"embeddable":true,"href":"http:\/\/www.bns.tn\/index.php?rest_route=%2Fwp%2Fv2%2Fcomments&post=30"}],"version-history":[{"count":1,"href":"http:\/\/www.bns.tn\/index.php?rest_route=\/wp\/v2\/pages\/30\/revisions"}],"predecessor-version":[{"id":328,"href":"http:\/\/www.bns.tn\/index.php?rest_route=\/wp\/v2\/pages\/30\/revisions\/328"}],"wp:attachment":[{"href":"http:\/\/www.bns.tn\/index.php?rest_route=%2Fwp%2Fv2%2Fmedia&parent=30"}],"curies":[{"name":"wp","href":"https:\/\/api.w.org\/{rel}","templated":true}]}}